{"id":122,"date":"2019-12-15T17:39:28","date_gmt":"2019-12-15T17:39:28","guid":{"rendered":"http:\/\/angelsportclub-kronberg.de\/?page_id=122"},"modified":"2026-04-15T15:09:06","modified_gmt":"2026-04-15T15:09:06","slug":"fangmeldungen","status":"publish","type":"page","link":"https:\/\/angelsportclub-kronberg.de\/?page_id=122","title":{"rendered":"Fangmeldungen"},"content":{"rendered":"<p>Wir empfehlen, das Formular auszudrucken, wie den Fischereischein beim Angeln mitzuf\u00fchren und vor dem Verlassen des Gew\u00e4ssers oder kurze Zeit danach auszuf\u00fcllen. Fangmeldungen sind jeweils zeitnah nach dem 30. Juni und 31. Dezember an den Gew\u00e4sserwart oder den Vorstand zu schicken.<\/p>\n<p>Das Formular kann hier heruntergeladen werden: <a href=\"https:\/\/angelsportclub-kronberg.de\/wp-content\/uploads\/2026\/04\/20260414_Fangmeldung_Formular.pdf\">Formular Fangmeldung (2026)<\/a><\/p>\n","protected":false},"excerpt":{"rendered":"<p>Wir empfehlen, das Formular auszudrucken, wie den Fischereischein beim Angeln mitzuf\u00fchren und vor dem Verlassen des Gew\u00e4ssers oder kurze Zeit danach auszuf\u00fcllen. Fangmeldungen sind jeweils zeitnah nach dem 30. Juni und 31. Dezember an den Gew\u00e4sserwart oder den Vorstand zu schicken. Das Formular kann hier heruntergeladen werden: Formular Fangmeldung (2026)<\/p>\n","protected":false},"author":1,"featured_media":0,"parent":0,"menu_order":8,"comment_status":"closed","ping_status":"closed","template":"","meta":{"footnotes":""},"class_list":["post-122","page","type-page","status-publish","hentry"],"_links":{"self":[{"href":"https:\/\/angelsportclub-kronberg.de\/index.php?rest_route=\/wp\/v2\/pages\/122","targetHints":{"allow":["GET"]}}],"collection":[{"href":"https:\/\/angelsportclub-kronberg.de\/index.php?rest_route=\/wp\/v2\/pages"}],"about":[{"href":"https:\/\/angelsportclub-kronberg.de\/index.php?rest_route=\/wp\/v2\/types\/page"}],"author":[{"embeddable":true,"href":"https:\/\/angelsportclub-kronberg.de\/index.php?rest_route=\/wp\/v2\/users\/1"}],"replies":[{"embeddable":true,"href":"https:\/\/angelsportclub-kronberg.de\/index.php?rest_route=%2Fwp%2Fv2%2Fcomments&post=122"}],"version-history":[{"count":7,"href":"https:\/\/angelsportclub-kronberg.de\/index.php?rest_route=\/wp\/v2\/pages\/122\/revisions"}],"predecessor-version":[{"id":540,"href":"https:\/\/angelsportclub-kronberg.de\/index.php?rest_route=\/wp\/v2\/pages\/122\/revisions\/540"}],"wp:attachment":[{"href":"https:\/\/angelsportclub-kronberg.de\/index.php?rest_route=%2Fwp%2Fv2%2Fmedia&parent=122"}],"curies":[{"name":"wp","href":"https:\/\/api.w.org\/{rel}","templated":true}]}}