{"id":17,"date":"2018-04-08T17:46:46","date_gmt":"2018-04-08T17:46:46","guid":{"rendered":"http:\/\/angelsportclub-kronberg.de\/?page_id=17"},"modified":"2025-04-18T17:54:24","modified_gmt":"2025-04-18T17:54:24","slug":"impressum","status":"publish","type":"page","link":"https:\/\/angelsportclub-kronberg.de\/?page_id=17","title":{"rendered":"Impressum und Datenschutz"},"content":{"rendered":"<p class=\"CM6\" style=\"margin: 0cm 0cm 15.25pt 15.85pt;\"><b><span style=\"font-size: 15.0pt;\">Angaben gem\u00e4\u00df \u00a7 5 DDG: <\/span><\/b><\/p>\n<p class=\"CM6\" style=\"line-height: 12.9pt; margin: 0cm 0cm 15.25pt 15.75pt;\"><span style=\"font-size: 10.5pt;\">Angelsportclub Kronberg e.V.<br \/>\nHermann-L\u00f6ns-Weg 10<br \/>\n61476 Kronberg i.Ts. <\/span><\/p>\n<p class=\"CM6\" style=\"margin: 0cm 0cm 15.25pt 15.85pt;\"><b><span style=\"font-size: 15.0pt;\">Vertreten durch: <\/span><\/b><\/p>\n<p class=\"CM6\" style=\"line-height: 12.9pt; margin: 0cm 0cm 15.25pt 15.75pt;\"><span style=\"font-size: 10.5pt;\">Gesch\u00e4ftsf\u00fchrender Vorstand: <\/span><\/p>\n<p class=\"CM6\" style=\"line-height: 12.9pt; margin: 0cm 0cm 15.25pt 15.75pt;\"><span style=\"font-size: 10.5pt;\">Dr. Christian Gans (1. Vorsitzender)<br \/>\nBernd Hirsch (2. Vorsitzender)<br \/>\nKlaus Pollinger (Schriftf\u00fchrer)<br \/>\nAndreas Birkenstock (Kassenwart)<br \/>\nHans-Joachim Otto (1. Gew\u00e4sserwart)<\/span><\/p>\n<p><span style=\"font-size: 10pt;\">Der Verein wird durch die\/den 1. oder 2. Vorsitzende\/n in Verbindung mit einem zweiten gesch\u00e4ftsf\u00fchrenden Vorstandsmitglied vertreten.<\/span><\/p>\n<p class=\"CM6\" style=\"margin: 0cm 0cm 15.25pt 15.85pt;\"><b><span style=\"font-size: 15.0pt;\">Kontakt: <\/span><\/b><\/p>\n<p class=\"CM6\" style=\"line-height: 12.9pt; margin: 0cm 0cm 15.25pt 15.75pt;\"><span style=\"font-size: 10.5pt;\">Telefon: 0176 7419068<br \/>\nE-Mail: vorstand (at) angelsportclub-kronberg.de <\/span><\/p>\n<p class=\"CM6\" style=\"margin: 0cm 0cm 15.25pt 15.85pt;\"><b><span style=\"font-size: 15.0pt;\">Registereintrag: <\/span><\/b><\/p>\n<p class=\"CM6\" style=\"line-height: 12.9pt; margin: 0cm 0cm 15.25pt 15.75pt;\"><span style=\"font-size: 10.5pt;\">Eintragung im Vereinsregister.<br \/>\nRegistergericht: Amtsgericht K\u00f6nigstein im Taunus Registernummer: VR 485 <\/span><\/p>\n<p class=\"CM6\" style=\"margin: 0cm 0cm 15.25pt 15.85pt;\"><b><span style=\"font-size: 15.0pt;\">Verantwortlich f\u00fcr den Inhalt nach \u00a7 55 Abs. 2 RStV: <\/span><\/b><\/p>\n<p class=\"CM6\" style=\"line-height: 12.9pt; margin: 0cm 0cm 15.25pt 15.75pt;\"><span style=\"font-size: 10.5pt;\">Dr. Christian Gans Hermann-L\u00f6ns-Weg 10 61476 Kronberg i.Ts. <\/span><\/p>\n<p class=\"CM6\" style=\"margin: 0cm 0cm 15.25pt 15.85pt;\"><b><span style=\"font-size: 15.0pt;\">Haftung f\u00fcr Inhalte <\/span><\/b><\/p>\n<p class=\"CM8\" style=\"text-align: justify; text-justify: inter-ideograph; line-height: 12.9pt; margin: 0cm 10.25pt 15.5pt 15.85pt;\"><span style=\"font-size: 10.5pt;\">Als Diensteanbieter sind wir f\u00fcr eigene Inhalte auf diesen Seiten nach den allgemeinen Gesetzen verantwortlich. Wir sind als Diensteanbieter jedoch nicht verpflichtet, \u00fcbermittelte oder gespeicherte fremde Informationen zu \u00fcberwachen oder nach Umst\u00e4nden zu forschen, die auf eine rechtswidrige T\u00e4tigkeit hinweisen. <\/span><\/p>\n<p class=\"CM8\" style=\"text-align: justify; text-justify: inter-ideograph; line-height: 12.9pt; margin: 0cm 10.25pt 15.5pt 15.85pt;\"><span style=\"font-size: 10.5pt;\">Verpflichtungen zur Entfernung oder Sperrung der Nutzung von Informationen nach den allgemeinen Gesetzen bleiben hiervon unber\u00fchrt. Eine diesbez\u00fcgliche Haftung ist jedoch erst ab dem Zeitpunkt der Kenntnis einer konkreten Rechtsverletzung m\u00f6glich. Bei Bekanntwerden von entsprechenden Rechtsverletzungen werden wir diese Inhalte umgehend entfernen. <\/span><\/p>\n<p class=\"CM6\" style=\"margin: 0cm 0cm 15.25pt 15.85pt;\"><b><span style=\"font-size: 15.0pt;\">Haftung f\u00fcr Links <\/span><\/b><\/p>\n<p class=\"CM8\" style=\"text-align: justify; text-justify: inter-ideograph; line-height: 12.9pt; margin: 0cm 10.25pt 15.5pt 15.85pt;\"><span style=\"font-size: 10.5pt;\">Unser Angebot enth\u00e4lt Links zu externen Websites Dritter, auf deren Inhalte wir keinen Einfluss haben. Deshalb k\u00f6nnen wir f\u00fcr diese fremden Inhalte auch keine Gew\u00e4hr \u00fcbernehmen. F\u00fcr die Inhalte der verlinkten Seiten ist stets der jeweilige Anbieter oder Betreiber der Seiten verantwortlich. Die verlinkten Seiten wurden zum Zeitpunkt der Verlinkung auf m\u00f6gliche Rechtsverst\u00f6\u00dfe \u00fcberpr\u00fcft. Rechtswidrige Inhalte waren zum Zeitpunkt der Verlinkung nicht erkennbar. <\/span><\/p>\n<p class=\"CM8\" style=\"text-align: justify; text-justify: inter-ideograph; line-height: 12.9pt; margin: 0cm 10.25pt 15.5pt 15.85pt;\"><span style=\"font-size: 10.5pt;\">Eine permanente inhaltliche Kontrolle der verlinkten Seiten ist jedoch ohne konkrete Anhaltspunkte einer Rechtsverletzung nicht zumutbar. Bei Bekanntwerden von Rechtsverletzungen werden wir derartige Links umgehend entfernen. <\/span><\/p>\n<p class=\"CM6\" style=\"margin: 0cm 0cm 15.25pt 15.85pt;\"><b><span style=\"font-size: 15.0pt;\">Urheberrecht <\/span><\/b><\/p>\n<p class=\"CM8\" style=\"text-align: justify; text-justify: inter-ideograph; line-height: 12.9pt; margin: 0cm 10.25pt 15.5pt 15.85pt;\"><span style=\"font-size: 10.5pt;\">Die durch die Seitenbetreiber erstellten Inhalte und Werke auf diesen Seiten unterliegen dem deutschen Urheberrecht. Die Vervielf\u00e4ltigung, Bearbeitung, Verbreitung und jede Art der Verwertung au\u00dferhalb der Grenzen des Urheberrechtes bed\u00fcrfen der schriftlichen Zustimmung des jeweiligen Autors bzw. Erstellers. Downloads und Kopien dieser Seite sind nur f\u00fcr den privaten, nicht kommerziellen Gebrauch gestattet. <\/span><\/p>\n<p class=\"CM8\" style=\"text-align: justify; text-justify: inter-ideograph; line-height: 12.9pt; margin: 0cm 10.25pt 15.5pt 15.85pt;\"><span style=\"font-size: 10.5pt;\">Soweit die Inhalte auf dieser Seite nicht vom Betreiber erstellt wurden, werden die Urheberrechte Dritter beachtet. Insbesondere werden Inhalte Dritter als solche gekennzeichnet. Sollten Sie trotzdem auf eine Urheberrechtsverletzung aufmerksam werden, bitten wir um einen entsprechenden Hinweis. Bei Bekanntwerden von Rechtsverletzungen werden wir derartige Inhalte umgehend entfernen. <\/span><\/p>\n<p class=\"CM8\" style=\"margin: 0cm 0cm 15.5pt 15.85pt;\"><b><span style=\"font-size: 18.0pt;\">Datenschutzerkl\u00e4rung <\/span><\/b><\/p>\n<p class=\"CM8\" style=\"margin: 0cm 0cm 15.5pt 15.85pt;\"><b><span style=\"font-size: 15.0pt;\">Datenschutz <\/span><\/b><\/p>\n<p class=\"CM8\" style=\"text-align: justify; text-justify: inter-ideograph; line-height: 12.9pt; margin: 0cm 10.25pt 15.5pt 15.85pt;\"><span style=\"font-size: 10.5pt;\">Die Betreiber dieser Seiten nehmen den Schutz Ihrer pers\u00f6nlichen Daten sehr ernst. Wir behandeln Ihre personenbezogenen Daten vertraulich und entsprechend der gesetzlichen Datenschutzvorschriften sowie dieser Datenschutzerkl\u00e4rung. <\/span><\/p>\n<p class=\"CM8\" style=\"text-align: justify; text-justify: inter-ideograph; line-height: 12.9pt; margin: 0cm 10.25pt 15.5pt 15.85pt;\"><span style=\"font-size: 10.5pt;\">Die Nutzung unserer Website ist in der Regel ohne Angabe personenbezogener Daten m\u00f6glich. Soweit auf unseren Seiten personenbezogene Daten (beispielsweise Name, Anschrift oder E-Mail-Adressen) erhoben werden, erfolgt dies, soweit m\u00f6glich, stets auf freiwilliger Basis. Diese Daten werden ohne Ihre ausdr\u00fcckliche Zustimmung nicht an Dritte weitergegeben. <\/span><\/p>\n<p class=\"CM8\" style=\"text-align: justify; text-justify: inter-ideograph; line-height: 12.9pt; margin: 0cm 10.25pt 15.5pt 15.85pt;\"><span style=\"font-size: 10.5pt;\">Wir weisen darauf hin, dass die Daten\u00fcbertragung im Internet (z.B. bei der Kommunikation per E-Mail) Sicherheitsl\u00fccken aufweisen kann. Ein l\u00fcckenloser Schutz der Daten vor dem Zugriff durch Dritte ist nicht m\u00f6glich. <\/span><\/p>\n<p class=\"CM8\" style=\"margin: 0cm 0cm 15.5pt 15.85pt;\"><b><span style=\"font-size: 15.0pt;\">Cookies <\/span><\/b><\/p>\n<p class=\"CM8\" style=\"text-align: justify; text-justify: inter-ideograph; line-height: 12.9pt; margin: 0cm 10.25pt 15.5pt 15.85pt;\"><span style=\"font-size: 10.5pt;\">Die Internetseiten verwenden teilweise so genannte Cookies. Cookies richten auf Ihrem Rechner keinen Schaden an und enthalten keine Viren. Cookies dienen dazu, unser Angebot nutzerfreundlicher, effektiver und sicherer zu machen. Cookies sind kleine Textdateien, die auf Ihrem Rechner abgelegt werden und die Ihr Browser speichert. <\/span><\/p>\n<p class=\"CM8\" style=\"text-align: justify; text-justify: inter-ideograph; line-height: 12.9pt; margin: 0cm 10.25pt 15.5pt 15.85pt;\"><span style=\"font-size: 10.5pt;\">Die meisten der von uns verwendeten Cookies sind so genannte \u201eSession-Cookies\u201c. Sie werden nach Ende Ihres Besuchs automatisch gel\u00f6scht. Andere Cookies bleiben auf Ihrem Endger\u00e4t gespeichert, bis Sie diese l\u00f6schen. Diese Cookies erm\u00f6glichen es uns, Ihren Browser beim n\u00e4chsten Besuch wiederzuerkennen. <\/span><\/p>\n<p class=\"CM8\" style=\"text-align: justify; text-justify: inter-ideograph; line-height: 12.9pt; margin: 0cm 10.25pt 15.5pt 15.85pt;\"><span style=\"font-size: 10.5pt;\">Sie k\u00f6nnen Ihren Browser so einstellen, dass Sie \u00fcber das Setzen von Cookies informiert werden und Cookies nur im Einzelfall erlauben, die Annahme von Cookies f\u00fcr bestimmte F\u00e4lle oder generell ausschlie\u00dfen sowie das automatische L\u00f6schen der Cookies beim Schlie\u00dfen des Browser aktivieren. Bei der Deaktivierung von Cookies kann die Funktionalit\u00e4t dieser Website eingeschr\u00e4nkt sein. <\/span><\/p>\n<p class=\"CM6\" style=\"margin: 0cm 0cm 15.25pt 15.85pt;\"><b><span style=\"font-size: 15.0pt;\">Server-Log-Files <\/span><\/b><\/p>\n<p class=\"CM8\" style=\"line-height: 12.9pt; margin: 0cm 10.25pt 15.5pt 15.85pt;\"><span style=\"font-size: 10.5pt;\">Der Provider der Seiten erhebt und speichert automatisch Informationen in so genannten Server-Log Files, die Ihr Browser automatisch an uns \u00fcbermittelt. Dies sind: <\/span><\/p>\n<p class=\"CM8\" style=\"line-height: 12.9pt; margin: 0cm 10.25pt 15.5pt 15.85pt;\"><span style=\"font-size: 10.5pt;\">Browsertyp und Browserversion<br \/>\nverwendetes Betriebssystem<br \/>\nReferrer URL<br \/>\nHostname des zugreifenden Rechners<br \/>\nUhrzeit der Serveranfrage <\/span><\/p>\n<p class=\"CM8\" style=\"line-height: 12.9pt; margin: 0cm 10.25pt 15.5pt 15.85pt;\"><span style=\"font-size: 10.5pt;\">Diese Daten sind nicht bestimmten Personen zuordenbar. Eine Zusammenf\u00fchrung dieser Daten mit anderen Datenquellen wird nicht vorgenommen. Wir behalten uns vor, diese Daten nachtr\u00e4glich zu pr\u00fcfen, wenn uns konkrete Anhaltspunkte f\u00fcr eine rechtswidrige Nutzung bekannt werden. <\/span><\/p>\n<p class=\"CM6\" style=\"margin: 0cm 0cm 15.25pt 15.85pt;\"><b><span style=\"font-size: 15.0pt;\">Kontaktformular <\/span><\/b><\/p>\n<p class=\"CM8\" style=\"text-align: justify; text-justify: inter-ideograph; line-height: 12.9pt; margin: 0cm 10.25pt 15.5pt 15.85pt;\"><span style=\"font-size: 10.5pt;\">Wenn Sie uns per Kontaktformular Anfragen zukommen lassen, werden Ihre Angaben aus dem Anfrageformular inklusive der von Ihnen dort angegebenen Kontaktdaten zwecks Bearbeitung der Anfrage und f\u00fcr den Fall von Anschlussfragen bei uns gespeichert. Diese Daten geben wir nicht ohne Ihre Einwilligung weiter. <\/span><\/p>\n<p class=\"CM6\" style=\"margin: 0cm 0cm 15.25pt 15.85pt;\"><b><span style=\"font-size: 15.0pt;\">Newsletterdaten <\/span><\/b><\/p>\n<p class=\"CM8\" style=\"text-align: justify; text-justify: inter-ideograph; line-height: 12.9pt; margin: 0cm 10.25pt 15.5pt 15.85pt;\"><span style=\"font-size: 10.5pt;\">Wenn Sie den auf der Website m\u00f6glicherweise angebotenen Newsletter beziehen m\u00f6chten (sofern wir dies einrichten bzw. anbieten), ben\u00f6tigen wir von Ihnen eine E-Mail-Adresse sowie Informationen, welche uns die \u00dcberpr\u00fcfung gestatten, dass Sie der Inhaber der angegebenen E-Mail-Adresse sind und mit dem Empfang des Newsletters einverstanden sind. Weitere Daten werden nicht erhoben. Diese Daten verwenden wir ausschlie\u00dflich f\u00fcr den Versand der angeforderten Informationen und geben sie nicht an Dritte weiter. <\/span><\/p>\n<p class=\"CM8\" style=\"text-align: justify; text-justify: inter-ideograph; line-height: 12.9pt; margin: 0cm 10.25pt 15.5pt 15.85pt;\"><span style=\"font-size: 10.5pt;\">Die erteilte Einwilligung zur Speicherung der Daten, der E-Mail-Adresse sowie deren Nutzung zum Versand des Newsletters k\u00f6nnen Sie jederzeit widerrufen, etwa \u00fcber den &#8222;Austragen&#8220;-Link im Newsletter. <\/span><\/p>\n<p class=\"CM6\" style=\"margin: 0cm 0cm 15.25pt 15.85pt;\"><b><span style=\"font-size: 15.0pt;\">Kommentarfunktion auf dieser Website <\/span><\/b><\/p>\n<p class=\"CM8\" style=\"text-align: justify; text-justify: inter-ideograph; line-height: 12.9pt; margin: 0cm 10.25pt 15.5pt 15.85pt;\"><span style=\"font-size: 10.5pt;\">F\u00fcr die m\u00f6gliche Kommentarfunktion auf dieser Seite (sofern wir diese einrichten bzw. anbieten) werden neben Ihrem Kommentar auch Angaben zum Zeitpunkt der Erstellung des Kommentars, Ihre E-Mail-Adresse und, wenn Sie nicht anonym posten, der von Ihnen gew\u00e4hlte Nutzername gespeichert. <\/span><\/p>\n<p class=\"CM8\" style=\"line-height: 12.8pt; margin: 0cm 0cm 15.5pt 15.85pt;\"><b><span style=\"font-size: 10.5pt;\">Speicherung der IP Adresse <\/span><\/b><\/p>\n<p class=\"CM8\" style=\"text-align: justify; text-justify: inter-ideograph; line-height: 12.9pt; margin: 0cm 10.25pt 15.5pt 15.85pt;\"><span style=\"font-size: 10.5pt;\">Unsere Kommentarfunktion speichert die IP-Adressen der Nutzer, die Kommentare verfassen. Da wir Kommentare auf unserer Seite nicht vor der Freischaltung pr\u00fcfen, ben\u00f6tigen wir diese Daten, um im Falle von Rechtsverletzungen wie Beleidigungen oder Propaganda gegen den Verfasser vorgehen zu k\u00f6nnen. <\/span><\/p>\n<p class=\"CM8\" style=\"line-height: 12.8pt; margin: 0cm 0cm 15.5pt 15.85pt;\"><b><span style=\"font-size: 10.5pt;\">Abonnieren von Kommentaren <\/span><\/b><\/p>\n<p class=\"CM8\" style=\"text-align: justify; text-justify: inter-ideograph; line-height: 12.9pt; margin: 0cm 10.25pt 15.5pt 15.85pt;\"><span style=\"font-size: 10.5pt;\">Als Nutzer der Seite k\u00f6nnen Sie m\u00f6glicherweise (sofern wir dies einrichten bzw. anbieten) nach einer Anmeldung Kommentare abonnieren. Sie erhalten eine Best\u00e4tigungsemail, um zu pr\u00fcfen, ob Sie der Inhaber der angegebenen E-Mail-Adresse sind. Sie k\u00f6nnen diese Funktion jederzeit \u00fcber einen Link in den Info-Mails abbestellen. <\/span><\/p>\n<p class=\"CM8\" style=\"margin: 0cm 0cm 15.5pt 15.85pt;\"><b><span style=\"font-size: 15.0pt;\">Recht auf Auskunft, L\u00f6schung, Sperrung <\/span><\/b><\/p>\n<p class=\"CM8\" style=\"text-align: justify; text-justify: inter-ideograph; line-height: 12.9pt; margin: 0cm 10.25pt 15.5pt 15.85pt;\"><span style=\"font-size: 10.5pt;\">Sie haben jederzeit das Recht auf unentgeltliche Auskunft \u00fcber Ihre gespeicherten personenbezogenen Daten, deren Herkunft und Empf\u00e4nger und den Zweck der Datenverarbeitung sowie ein Recht auf Berichtigung, Sperrung oder L\u00f6schung dieser Daten. Hierzu sowie zu weiteren Fragen zum Thema personenbezogene Daten k\u00f6nnen Sie sich jederzeit unter der im Impressum angegebenen Adresse an uns wenden. <\/span><\/p>\n<p class=\"CM8\" style=\"margin: 0cm 0cm 15.5pt 15.85pt;\"><b><span style=\"font-size: 15.0pt;\">Widerspruch Werbe-Mails <\/span><\/b><\/p>\n<p class=\"CM8\" style=\"text-align: justify; text-justify: inter-ideograph; line-height: 12.9pt; margin: 0cm 10.25pt 15.5pt 15.85pt;\"><span style=\"font-size: 10.5pt;\">Der Nutzung von im Rahmen der Impressumspflicht ver\u00f6ffentlichten Kontaktdaten zur \u00dcbersendung von nicht ausdr\u00fccklich angeforderter Werbung und Informationsmaterialien wird hiermit widersprochen. Die Betreiber der Seiten behalten sich ausdr\u00fccklich rechtliche Schritte im Falle der unverlangten Zusendung von Werbeinformationen, etwa durch Spam-E-Mails, vor. <\/span><\/p>\n<p class=\"CM4\" style=\"margin: 0cm 0cm 55.25pt 15.85pt;\"><span style=\"font-size: 10.5pt;\">Quelle: erstellt unter Nutzung von\u00a0<u><a href=\"https:\/\/www.e-recht24.de\/\"><span style=\"color: #0000cc;\">https:\/\/www.e-recht24.de <\/span><\/a><\/u><\/span><\/p>\n\n","protected":false},"excerpt":{"rendered":"<p>Angaben gem\u00e4\u00df \u00a7 5 DDG: Angelsportclub Kronberg e.V. Hermann-L\u00f6ns-Weg 10 61476 Kronberg i.Ts. Vertreten durch: Gesch\u00e4ftsf\u00fchrender Vorstand: Dr. Christian Gans (1. Vorsitzender) Bernd Hirsch (2. Vorsitzender) Klaus Pollinger (Schriftf\u00fchrer) Andreas Birkenstock (Kassenwart) Hans-Joachim Otto (1. Gew\u00e4sserwart) Der Verein wird durch die\/den 1. oder 2. Vorsitzende\/n in Verbindung mit einem zweiten gesch\u00e4ftsf\u00fchrenden Vorstandsmitglied vertreten. Kontakt: Telefon: 0176 7419068 E-Mail: vorstand (at) angelsportclub-kronberg.de Registereintrag: Eintragung im Vereinsregister. Registergericht: Amtsgericht K\u00f6nigstein im Taunus Registernummer: VR 485 Verantwortlich f\u00fcr den Inhalt nach \u00a7 55&#8230;<\/p>\n<p class=\"read-more\"><a class=\"btn btn-default\" href=\"https:\/\/angelsportclub-kronberg.de\/?page_id=17\">Weiterlesen<span class=\"screen-reader-text\"> Weiterlesen<\/span><\/a><\/p>\n","protected":false},"author":1,"featured_media":0,"parent":0,"menu_order":9,"comment_status":"closed","ping_status":"closed","template":"","meta":{"footnotes":""},"class_list":["post-17","page","type-page","status-publish","hentry"],"_links":{"self":[{"href":"https:\/\/angelsportclub-kronberg.de\/index.php?rest_route=\/wp\/v2\/pages\/17","targetHints":{"allow":["GET"]}}],"collection":[{"href":"https:\/\/angelsportclub-kronberg.de\/index.php?rest_route=\/wp\/v2\/pages"}],"about":[{"href":"https:\/\/angelsportclub-kronberg.de\/index.php?rest_route=\/wp\/v2\/types\/page"}],"author":[{"embeddable":true,"href":"https:\/\/angelsportclub-kronberg.de\/index.php?rest_route=\/wp\/v2\/users\/1"}],"replies":[{"embeddable":true,"href":"https:\/\/angelsportclub-kronberg.de\/index.php?rest_route=%2Fwp%2Fv2%2Fcomments&post=17"}],"version-history":[{"count":17,"href":"https:\/\/angelsportclub-kronberg.de\/index.php?rest_route=\/wp\/v2\/pages\/17\/revisions"}],"predecessor-version":[{"id":500,"href":"https:\/\/angelsportclub-kronberg.de\/index.php?rest_route=\/wp\/v2\/pages\/17\/revisions\/500"}],"wp:attachment":[{"href":"https:\/\/angelsportclub-kronberg.de\/index.php?rest_route=%2Fwp%2Fv2%2Fmedia&parent=17"}],"curies":[{"name":"wp","href":"https:\/\/api.w.org\/{rel}","templated":true}]}}