{"id":19,"date":"2018-04-08T17:46:46","date_gmt":"2018-04-08T17:46:46","guid":{"rendered":"http:\/\/angelsportclub-kronberg.de\/?page_id=19"},"modified":"2026-01-22T09:52:00","modified_gmt":"2026-01-22T09:52:00","slug":"terminuebersicht","status":"publish","type":"page","link":"https:\/\/angelsportclub-kronberg.de\/?page_id=19","title":{"rendered":"Termin\u00fcbersicht"},"content":{"rendered":"<p><span style=\"font-size: 18pt;\">Terminplan 2026\/27<\/span><\/p>\n<p><span style=\"font-size: 10pt;\">(nachtr\u00e4glich ge\u00e4nderte \/neue Termine sind kursiv)<\/span><\/p>\n<table style=\"height: 456px; width: 94.8229%;\" width=\"641\">\n<tbody>\n<tr style=\"height: 24px;\">\n<td style=\"width: 25.9893%; height: 24px;\"><del>3. Januar 2026<\/del><\/td>\n<td style=\"width: 17.5536%; height: 24px;\"><del>13.00 Uhr<\/del><\/td>\n<td style=\"width: 36.871%; height: 24px;\"><del>Neujahrsangeln<\/del><\/td>\n<td style=\"width: 53.0227%; height: 24px;\"><del>Schillerweiher<\/del><\/td>\n<\/tr>\n<tr>\n<td style=\"width: 25.9893%;\">6. M\u00e4rz 2026<\/td>\n<td style=\"width: 17.5536%;\">19.30 Uhr<\/td>\n<td style=\"width: 36.871%;\">Mitgliederversammlung<\/td>\n<td style=\"width: 53.0227%;\">Haus Altk\u00f6nig<\/td>\n<\/tr>\n<tr style=\"height: 24px;\">\n<td style=\"width: 25.9893%; height: 24px;\">14. M\u00e4rz 2026<\/td>\n<td style=\"width: 17.5536%; height: 24px;\">10.00 Uhr<\/td>\n<td style=\"width: 36.871%; height: 24px;\">Gew\u00e4sserreinigung<\/td>\n<td style=\"width: 53.0227%; height: 24px;\">Schillerweiher<\/td>\n<\/tr>\n<tr style=\"height: 24px;\">\n<td style=\"width: 25.9893%; height: 24px;\">21. M\u00e4rz 2026<\/td>\n<td style=\"width: 17.5536%; height: 24px;\">13.00 Uhr<\/td>\n<td style=\"width: 36.871%; height: 24px;\">Anangeln<\/td>\n<td style=\"width: 53.0227%; height: 24px;\">Schillerweiher<\/td>\n<\/tr>\n<tr style=\"height: 24px;\">\n<td style=\"width: 25.9893%; height: 24px;\">20. Juni 2026<\/td>\n<td style=\"width: 17.5536%; height: 24px;\">18.00 Uhr<\/td>\n<td style=\"width: 36.871%; height: 24px;\">Sommernachtsangeln (Leuchtschwimmer)<\/td>\n<td style=\"width: 53.0227%; height: 24px;\">Schillerweiher<\/td>\n<\/tr>\n<tr style=\"height: 48px;\">\n<td style=\"width: 25.9893%; height: 48px;\">29. August 2026<\/td>\n<td style=\"width: 17.5536%; height: 48px;\">11.00 Uhr<\/td>\n<td style=\"width: 36.871%; height: 48px;\">Fischerfest<\/td>\n<td style=\"width: 53.0227%; height: 48px;\">Schillerweiher<\/td>\n<\/tr>\n<tr style=\"height: 24px;\">\n<td style=\"width: 25.9893%; height: 24px;\">10. Oktober 2026<\/td>\n<td style=\"width: 17.5536%; height: 24px;\">10.00 Uhr<\/td>\n<td style=\"width: 36.871%; height: 24px;\">Gew\u00e4sserreinigung<\/td>\n<td style=\"width: 53.0227%; height: 24px;\">Schillerweiher<\/td>\n<\/tr>\n<tr style=\"height: 24px;\">\n<td style=\"width: 25.9893%; height: 24px;\">17. Oktober 2026<\/td>\n<td style=\"width: 17.5536%; height: 24px;\">13.00 Uhr<\/td>\n<td style=\"width: 36.871%; height: 24px;\">Abangeln<\/td>\n<td style=\"width: 53.0227%; height: 24px;\">Schillerweiher<\/td>\n<\/tr>\n<tr style=\"height: 48px;\">\n<td style=\"width: 25.9893%; height: 48px;\">5.\/6. Dezember 2026<\/td>\n<td style=\"width: 17.5536%; height: 48px;\">15.00 Uhr<\/td>\n<td style=\"width: 36.871%; height: 48px;\">Kronberger Weihnachtsmarkt<br \/>\n(Aufbau ab 09.00 Uhr)<\/td>\n<td style=\"width: 53.0227%; height: 48px;\">Rezepturhof<\/td>\n<\/tr>\n<tr style=\"height: 24px;\">\n<td style=\"width: 25.9893%; height: 24px;\">12. Dezember 2026<\/td>\n<td style=\"width: 17.5536%; height: 24px;\">10.00 Uhr<\/td>\n<td style=\"width: 36.871%; height: 24px;\">H\u00fctte aufr\u00e4umen<\/td>\n<td style=\"width: 53.0227%; height: 24px;\">Schillerweiher<\/td>\n<\/tr>\n<tr style=\"height: 24px;\">\n<td style=\"width: 25.9893%; height: 24px;\">2. Januar 2027<\/td>\n<td style=\"width: 17.5536%; height: 24px;\">13. 00 Uhr<\/td>\n<td style=\"width: 36.871%; height: 24px;\">Neujahrsangeln<\/td>\n<td style=\"width: 53.0227%; height: 24px;\">Schillerweiher<\/td>\n<\/tr>\n<tr style=\"height: 24px;\">\n<td style=\"width: 25.9893%; height: 24px;\">12. M\u00e4rz 2027<\/td>\n<td style=\"width: 17.5536%; height: 24px;\">19.30 Uhr<\/td>\n<td style=\"width: 36.871%; height: 24px;\">Mitgliederversammlung<\/td>\n<td style=\"width: 53.0227%; height: 24px;\">Haus Altk\u00f6nig<\/td>\n<\/tr>\n<tr style=\"height: 24px;\">\n<td style=\"width: 25.9893%; height: 24px;\">13 M\u00e4rz 2027<\/td>\n<td style=\"width: 17.5536%; height: 24px;\">10.00 Uhr<\/td>\n<td style=\"width: 36.871%; height: 24px;\">Gew\u00e4sserreinigung<\/td>\n<td style=\"width: 53.0227%; height: 24px;\">Schillerweiher<\/td>\n<\/tr>\n<tr style=\"height: 24px;\">\n<td style=\"width: 25.9893%; height: 24px;\">20. M\u00e4rz 2027<\/td>\n<td style=\"width: 17.5536%; height: 24px;\">13.00 Uhr<\/td>\n<td style=\"width: 36.871%; height: 24px;\">Anangeln<\/td>\n<td style=\"width: 53.0227%; height: 24px;\">Schillerweiher<\/td>\n<\/tr>\n<\/tbody>\n<\/table>\n","protected":false},"excerpt":{"rendered":"<p>Terminplan 2026\/27 (nachtr\u00e4glich ge\u00e4nderte \/neue Termine sind kursiv) 3. Januar 2026 13.00 Uhr Neujahrsangeln Schillerweiher 6. M\u00e4rz 2026 19.30 Uhr Mitgliederversammlung Haus Altk\u00f6nig 14. M\u00e4rz 2026 10.00 Uhr Gew\u00e4sserreinigung Schillerweiher 21. M\u00e4rz 2026 13.00 Uhr Anangeln Schillerweiher 20. Juni 2026 18.00 Uhr Sommernachtsangeln (Leuchtschwimmer) Schillerweiher 29. August 2026 11.00 Uhr Fischerfest Schillerweiher 10. Oktober 2026 10.00 Uhr Gew\u00e4sserreinigung Schillerweiher 17. Oktober 2026 13.00 Uhr Abangeln Schillerweiher 5.\/6. Dezember 2026 15.00 Uhr Kronberger Weihnachtsmarkt (Aufbau ab 09.00 Uhr) Rezepturhof 12. Dezember&#8230;<\/p>\n<p class=\"read-more\"><a class=\"btn btn-default\" href=\"https:\/\/angelsportclub-kronberg.de\/?page_id=19\">Weiterlesen<span class=\"screen-reader-text\"> Weiterlesen<\/span><\/a><\/p>\n","protected":false},"author":1,"featured_media":0,"parent":0,"menu_order":2,"comment_status":"closed","ping_status":"closed","template":"","meta":{"footnotes":""},"class_list":["post-19","page","type-page","status-publish","hentry"],"_links":{"self":[{"href":"https:\/\/angelsportclub-kronberg.de\/index.php?rest_route=\/wp\/v2\/pages\/19","targetHints":{"allow":["GET"]}}],"collection":[{"href":"https:\/\/angelsportclub-kronberg.de\/index.php?rest_route=\/wp\/v2\/pages"}],"about":[{"href":"https:\/\/angelsportclub-kronberg.de\/index.php?rest_route=\/wp\/v2\/types\/page"}],"author":[{"embeddable":true,"href":"https:\/\/angelsportclub-kronberg.de\/index.php?rest_route=\/wp\/v2\/users\/1"}],"replies":[{"embeddable":true,"href":"https:\/\/angelsportclub-kronberg.de\/index.php?rest_route=%2Fwp%2Fv2%2Fcomments&post=19"}],"version-history":[{"count":28,"href":"https:\/\/angelsportclub-kronberg.de\/index.php?rest_route=\/wp\/v2\/pages\/19\/revisions"}],"predecessor-version":[{"id":528,"href":"https:\/\/angelsportclub-kronberg.de\/index.php?rest_route=\/wp\/v2\/pages\/19\/revisions\/528"}],"wp:attachment":[{"href":"https:\/\/angelsportclub-kronberg.de\/index.php?rest_route=%2Fwp%2Fv2%2Fmedia&parent=19"}],"curies":[{"name":"wp","href":"https:\/\/api.w.org\/{rel}","templated":true}]}}