{"id":23,"date":"2018-04-08T17:46:46","date_gmt":"2018-04-08T17:46:46","guid":{"rendered":"http:\/\/angelsportclub-kronberg.de\/?page_id=23"},"modified":"2024-10-15T09:54:04","modified_gmt":"2024-10-15T09:54:04","slug":"vorstand","status":"publish","type":"page","link":"https:\/\/angelsportclub-kronberg.de\/?page_id=23","title":{"rendered":"Vorstand"},"content":{"rendered":"<p><strong><span style=\"font-size: 14pt;\">Gesch\u00e4ftsf\u00fchrender Vorstand:<\/span><\/strong><\/p>\n<p>Dr. Christian Gans (1. Vorsitzender)<br \/>\nBernd Hirsch (2. Vorsitzender)<br \/>\nKlaus Pollinger (Schriftf\u00fchrer)<br \/>\nAndreas Birkenstock (Kassenwart)<br \/>\nHans-Joachim Otto (1. Gew\u00e4sserwart)<\/p>\n<p><span style=\"font-size: 14pt;\"><strong>Erweiterter Vorstand:<\/strong><\/span><\/p>\n<p>Volker Schneider (2. Gew\u00e4sserwart)<br \/>\nVeit Gehbauer (1. H\u00fcttenwart)<br \/>\nN.N. (Jugendwart)<\/p>\n","protected":false},"excerpt":{"rendered":"<p>Gesch\u00e4ftsf\u00fchrender Vorstand: Dr. Christian Gans (1. Vorsitzender) Bernd Hirsch (2. Vorsitzender) Klaus Pollinger (Schriftf\u00fchrer) Andreas Birkenstock (Kassenwart) Hans-Joachim Otto (1. Gew\u00e4sserwart) Erweiterter Vorstand: Volker Schneider (2. Gew\u00e4sserwart) Veit Gehbauer (1. H\u00fcttenwart) N.N. (Jugendwart)<\/p>\n","protected":false},"author":1,"featured_media":0,"parent":21,"menu_order":1,"comment_status":"closed","ping_status":"closed","template":"","meta":{"footnotes":""},"class_list":["post-23","page","type-page","status-publish","hentry"],"_links":{"self":[{"href":"https:\/\/angelsportclub-kronberg.de\/index.php?rest_route=\/wp\/v2\/pages\/23","targetHints":{"allow":["GET"]}}],"collection":[{"href":"https:\/\/angelsportclub-kronberg.de\/index.php?rest_route=\/wp\/v2\/pages"}],"about":[{"href":"https:\/\/angelsportclub-kronberg.de\/index.php?rest_route=\/wp\/v2\/types\/page"}],"author":[{"embeddable":true,"href":"https:\/\/angelsportclub-kronberg.de\/index.php?rest_route=\/wp\/v2\/users\/1"}],"replies":[{"embeddable":true,"href":"https:\/\/angelsportclub-kronberg.de\/index.php?rest_route=%2Fwp%2Fv2%2Fcomments&post=23"}],"version-history":[{"count":7,"href":"https:\/\/angelsportclub-kronberg.de\/index.php?rest_route=\/wp\/v2\/pages\/23\/revisions"}],"predecessor-version":[{"id":421,"href":"https:\/\/angelsportclub-kronberg.de\/index.php?rest_route=\/wp\/v2\/pages\/23\/revisions\/421"}],"up":[{"embeddable":true,"href":"https:\/\/angelsportclub-kronberg.de\/index.php?rest_route=\/wp\/v2\/pages\/21"}],"wp:attachment":[{"href":"https:\/\/angelsportclub-kronberg.de\/index.php?rest_route=%2Fwp%2Fv2%2Fmedia&parent=23"}],"curies":[{"name":"wp","href":"https:\/\/api.w.org\/{rel}","templated":true}]}}