{"id":400,"date":"2024-10-15T09:15:16","date_gmt":"2024-10-15T09:15:16","guid":{"rendered":"https:\/\/angelsportclub-kronberg.de\/?page_id=400"},"modified":"2025-03-11T08:45:08","modified_gmt":"2025-03-11T08:45:08","slug":"beitragsordnung-2","status":"publish","type":"page","link":"https:\/\/angelsportclub-kronberg.de\/?page_id=400","title":{"rendered":"Beitragsordnung"},"content":{"rendered":"\n<p style=\"text-align: center;\"><span style=\"font-size: 10pt;\">(beschlossen von der Mitgliederversammlung am 7. M\u00e4rz 2025)<\/span><\/p>\n\n\n\n<table class=\"alignleft\" style=\"height: 46px; width: 100%; border-collapse: collapse; border-style: solid;\" border=\"1\" cellpadding=\"10\">\n<tbody>\n<tr style=\"height: 23px;\">\n<td style=\"width: 61.6667%; height: 23px;\">Jahresbeitrag aktive Mitglieder<\/td>\n<td style=\"width: 38.3333%; height: 23px; text-align: right;\">60,&#8211; Euro<\/td>\n<\/tr>\n<tr style=\"height: 23px;\">\n<td style=\"width: 61.6667%; height: 23px;\">\n<p>Erm\u00e4\u00dfigter Jahresbeitrag aktive Mitglieder<br \/><span style=\"font-size: 10pt;\">(Rentner, Sch\u00fcler, Auszubildende und Studenten, Jugendliche 14 bis 18 Jahre)<\/span><\/p>\n<\/td>\n<td style=\"width: 38.3333%; height: 23px; text-align: right;\">30,&#8211; Euro<\/td>\n<\/tr>\n<tr>\n<td style=\"width: 61.6667%;\">\n<p>Jugendliche (vor Vollendung des 14. Lebensjahres)<\/p>\n<\/td>\n<td style=\"width: 38.3333%; text-align: right;\">beitragsfrei<\/td>\n<\/tr>\n<tr>\n<td style=\"width: 61.6667%;\">\n<p>Jahresbeitrag passive Mitglieder<\/p>\n<\/td>\n<td style=\"width: 38.3333%; text-align: right;\">30,&#8211; Euro<\/td>\n<\/tr>\n<tr>\n<td style=\"width: 61.6667%;\">\n<p>f\u00f6rdernde Mitglieder<\/p>\n<\/td>\n<td style=\"width: 38.3333%; text-align: right;\">beitragsfrei<\/td>\n<\/tr>\n<tr>\n<td style=\"width: 61.6667%;\">\n<p>Jahresbeitrag Mitglieder zur Probe<\/p>\n<\/td>\n<td style=\"width: 38.3333%; text-align: right;\">wie Jahresbeitrag\/<br \/>erm\u00e4\u00dfigter Beitrag<br \/>aktive Mitglieder<\/td>\n<\/tr>\n<tr>\n<td style=\"width: 61.6667%;\">\n<p>Aufnahmegeb\u00fchr einmalig<br \/><span style=\"font-size: 10pt;\">(bei Jugendlichen f\u00e4llig zum 18. Geburtstag)<\/span><\/p>\n<\/td>\n<td style=\"width: 38.3333%; text-align: right;\">130,&#8211; Euro<\/td>\n<\/tr>\n<tr>\n<td style=\"width: 61.6667%;\">\n<p>Erm\u00e4\u00dfigte Aufnahmegeb\u00fchr einmalig<br \/><span style=\"font-size: 10pt;\">(Sch\u00fcler, Auszubildende und Studenten, Jugendliche, die schon vor ihrem 17. Geburtstag Mitglied waren)<\/span><\/p>\n<\/td>\n<td style=\"width: 38.3333%; text-align: right;\">65,&#8211; Euro<\/td>\n<\/tr>\n<tr>\n<td style=\"width: 61.6667%;\">\n<p>nicht geleistete Pflicht-Arbeitsstunden <br \/><span style=\"font-size: 10pt;\">(gem\u00e4\u00df Fischerei- und Vereinsordnung)<\/span><\/p>\n<\/td>\n<td style=\"width: 38.3333%; text-align: right;\">15,&#8211; Euro<br \/>pro nicht geleistete Stunde<\/td>\n<\/tr>\n<\/tbody>\n<\/table>\n","protected":false},"excerpt":{"rendered":"<p>(beschlossen von der Mitgliederversammlung am 7. M\u00e4rz 2025) Jahresbeitrag aktive Mitglieder 60,&#8211; Euro Erm\u00e4\u00dfigter Jahresbeitrag aktive Mitglieder(Rentner, Sch\u00fcler, Auszubildende und Studenten, Jugendliche 14 bis 18 Jahre) 30,&#8211; Euro Jugendliche (vor Vollendung des 14. Lebensjahres) beitragsfrei Jahresbeitrag passive Mitglieder 30,&#8211; Euro f\u00f6rdernde Mitglieder beitragsfrei Jahresbeitrag Mitglieder zur Probe wie Jahresbeitrag\/erm\u00e4\u00dfigter Beitragaktive Mitglieder Aufnahmegeb\u00fchr einmalig(bei Jugendlichen f\u00e4llig zum 18. Geburtstag) 130,&#8211; Euro Erm\u00e4\u00dfigte Aufnahmegeb\u00fchr einmalig(Sch\u00fcler, Auszubildende und Studenten, Jugendliche, die schon vor ihrem 17. Geburtstag Mitglied waren) 65,&#8211; Euro nicht geleistete Pflicht-Arbeitsstunden&#8230;<\/p>\n<p class=\"read-more\"><a class=\"btn btn-default\" href=\"https:\/\/angelsportclub-kronberg.de\/?page_id=400\">Weiterlesen<span class=\"screen-reader-text\"> Weiterlesen<\/span><\/a><\/p>\n","protected":false},"author":1,"featured_media":0,"parent":21,"menu_order":3,"comment_status":"closed","ping_status":"closed","template":"","meta":{"footnotes":""},"class_list":["post-400","page","type-page","status-publish","hentry"],"_links":{"self":[{"href":"https:\/\/angelsportclub-kronberg.de\/index.php?rest_route=\/wp\/v2\/pages\/400","targetHints":{"allow":["GET"]}}],"collection":[{"href":"https:\/\/angelsportclub-kronberg.de\/index.php?rest_route=\/wp\/v2\/pages"}],"about":[{"href":"https:\/\/angelsportclub-kronberg.de\/index.php?rest_route=\/wp\/v2\/types\/page"}],"author":[{"embeddable":true,"href":"https:\/\/angelsportclub-kronberg.de\/index.php?rest_route=\/wp\/v2\/users\/1"}],"replies":[{"embeddable":true,"href":"https:\/\/angelsportclub-kronberg.de\/index.php?rest_route=%2Fwp%2Fv2%2Fcomments&post=400"}],"version-history":[{"count":10,"href":"https:\/\/angelsportclub-kronberg.de\/index.php?rest_route=\/wp\/v2\/pages\/400\/revisions"}],"predecessor-version":[{"id":486,"href":"https:\/\/angelsportclub-kronberg.de\/index.php?rest_route=\/wp\/v2\/pages\/400\/revisions\/486"}],"up":[{"embeddable":true,"href":"https:\/\/angelsportclub-kronberg.de\/index.php?rest_route=\/wp\/v2\/pages\/21"}],"wp:attachment":[{"href":"https:\/\/angelsportclub-kronberg.de\/index.php?rest_route=%2Fwp%2Fv2%2Fmedia&parent=400"}],"curies":[{"name":"wp","href":"https:\/\/api.w.org\/{rel}","templated":true}]}}